{"id":34,"date":"2022-03-18T19:08:45","date_gmt":"2022-03-18T19:08:45","guid":{"rendered":"https:\/\/juliane-mihael.de\/?page_id=34"},"modified":"2022-10-22T14:08:26","modified_gmt":"2022-10-22T14:08:26","slug":"ein-homepage-abschnitt","status":"publish","type":"page","link":"https:\/\/juliane-mihael.de\/index.php\/ein-homepage-abschnitt\/","title":{"rendered":"Location"},"content":{"rendered":"\n<p><em>N\u00fctzliches rund um Cavtat<\/em>&#8230; <em>f\u00fcr denn Fall, dass ihr noch einmal wiederkommen wollt<\/em><\/p>\n\n\n\n<div class=\"wp-block-media-text alignwide is-stacked-on-mobile is-vertically-aligned-top\" style=\"grid-template-columns:15% auto\"><figure class=\"wp-block-media-text__media\"><img loading=\"lazy\" decoding=\"async\" width=\"100\" height=\"100\" src=\"https:\/\/juliane-mihael.de\/wp-content\/uploads\/2022\/03\/hotel-e1647710019740.png\" alt=\"\" class=\"wp-image-93 size-full\"\/><\/figure><div class=\"wp-block-media-text__content\">\n<p>F\u00fcr alle, die sich w\u00e4hrend des Aufenthalts verw\u00f6hnen lassen wollen ist das <strong>Hotel Cavtat<\/strong> genau das Richtige.<br>Hier geht&#8217;s <a href=\"https:\/\/www.hotel-cavtat.hr\/\">zum Hotel<\/a>.<br><br>Wer jedoch gern f\u00fcr sich ist und vielleicht noch etwas l\u00e4nger bleiben m\u00f6chte dem empfehlen wir das familiengef\u00fchrte Apartment <strong>Dubrovnik Holiday<\/strong> in Mlini.<br>Hier geht&#8217;s <a href=\"https:\/\/dubrovnikholiday.com\/links\/\">zum Apartment<\/a>.<\/p>\n<\/div><\/div>\n\n\n\n<div class=\"wp-block-media-text alignwide is-stacked-on-mobile is-vertically-aligned-top\" style=\"grid-template-columns:15% auto\"><figure class=\"wp-block-media-text__media\"><img loading=\"lazy\" decoding=\"async\" width=\"100\" height=\"100\" src=\"https:\/\/juliane-mihael.de\/wp-content\/uploads\/2022\/03\/camping-tent-e1647710042425.png\" alt=\"\" class=\"wp-image-92 size-full\"\/><\/figure><div class=\"wp-block-media-text__content\">\n<p style=\"font-size:16px\">Nat\u00fcrlich bietet die Umgebung von Dubrovnik auch Alternativen f\u00fcr alle Individualisten unter euch. Solltet ihr also mit dem eigenen Camper, Zelt oder Wohnmobil anreisen findet ihr bei <strong>Camping Kate<\/strong> sicherlich ein Pl\u00e4tzchen.<br>Hier geht&#8217;s <a href=\"https:\/\/campingkate.com\/\">zum Campingplatz<\/a>.<\/p>\n<\/div><\/div>\n\n\n\n<div class=\"wp-block-media-text alignwide is-stacked-on-mobile is-vertically-aligned-top\" style=\"grid-template-columns:15% auto\"><figure class=\"wp-block-media-text__media\"><img loading=\"lazy\" decoding=\"async\" width=\"100\" height=\"100\" src=\"https:\/\/juliane-mihael.de\/wp-content\/uploads\/2022\/03\/sail-boat-e1647709924242.png\" alt=\"\" class=\"wp-image-96 size-full\"\/><\/figure><div class=\"wp-block-media-text__content\">\n<p style=\"font-size:16px\">F\u00fcr alle Wasserratten unter euch empfiehlt sich auch eine Anreise per Boot, Schiff, Yacht oder Nussschale. Cavtat liegt direkt am Meer also warum nicht im stadteigenen <strong>Hafen <\/strong>fest machen.<br>Hier geht&#8217;s <a href=\"https:\/\/my-sea.com\/de\/poi\/kroatien\/suddalmatien\/cavtat\/cavtat\/470338c3-f89b-42fa-9af3-a25568ac59ba\">zur  Marina Cavtat<\/a>.<\/p>\n<\/div><\/div>\n\n\n\n<div class=\"wp-block-media-text alignwide is-stacked-on-mobile is-vertically-aligned-top\" style=\"grid-template-columns:15% auto\"><figure class=\"wp-block-media-text__media\"><img loading=\"lazy\" decoding=\"async\" width=\"100\" height=\"100\" src=\"https:\/\/juliane-mihael.de\/wp-content\/uploads\/2022\/03\/information-e1647709986639.png\" alt=\"\" class=\"wp-image-95 size-full\"\/><\/figure><div class=\"wp-block-media-text__content\">\n<p style=\"font-size:16px\">Nun aber zu hilfreichen <strong>Infos und Tipps<\/strong>:<br><br><a href=\"https:\/\/tzdubrovnik.hr\/lang\/de\/index.html\">Dubrovnik<\/a> &#8211; diese Stadt bedarf keiner weiteren Vorstellung. Eine Tour \u00fcber die beeindruckenden Mauern ist quasi ein Muss. Nur wer schwindelfrei ist wird die Fahrt mit der Seilbahn auf den Sr\u0111 genie\u00dfen und die Aussicht auf Stadt.<\/p>\n\n\n\n<p style=\"font-size:16px\">Sp\u00e4testens seit Game of Thrones ist die Hauptstadt von Ragusa auch international bekannt und bietet den Fans besondere Highlights. Besucht die Drehorte, Schaupl\u00e4tze und setzt euch auf Lokrum auf den eisernen Tron. Infos und Tourenanbieter gibt es viele \u2013 einen davon findet ihr <a href=\"https:\/\/www.dubrovnik-walking-tours.com\/\">hier<\/a>.<br><br><a href=\"https:\/\/visit.cavtat-konavle.com\/en\/\">Stadt Cavtat<\/a> &#8211; s\u00fcdlich von Dubrovnik und noch vor dem Flughafen liegt dieses kleine Idyll.  Jetski fahren, Parasailing &#8211; alles m\u00f6glich. <br>F\u00fcr die Fischliebhaber unter euch empfehlen wir euch das Restaurant <a href=\"https:\/\/konobakolona.com\/\">Konoba Kolona<\/a>. Nat\u00fcrlich gibts auch Fleisch und vegetarisches, aber wenn schon Meer, dann richtig. Probiert unbedingt die Buzara (Muschelsuppe).<br><br>Unweit vom Restaurant, direkt am Hafen findet ihr die Caffee Bar Delfin. Ideal zum Verweilen und dem gesch\u00e4ftigen Treiben zuzusehen. Wer ein gr\u00f6\u00dferes H\u00fcngerchen versp\u00fcrt geht die Kaimauer entlang zum <a href=\"https:\/\/cavtatposejdon.wixsite.com\/posejdoncavtat\">Restaurant Posejdon<\/a>. Den Sonnenuntergang vor Augen und Dubrovnik im Blick schmeckt es gleich noch besser.<br><br>Ohne Auto oder Roller von Cavtat nach Dubrovnik? Kein Problem. Schnappt euch ein Taxi. Nicht irgendein Taxi &#8211; ein <a href=\"https:\/\/www.adriana-cavtat.com\/boat-tours\/regular-boat-service\/\">Wassertaxi<\/a>. Die fahren regelm\u00e4\u00dfig und bieten euch einen tollen Blick. Tipp: Macht einen Zwischenstopp in Mlini im <a href=\"http:\/\/piratessocialclub.com\/\">Gusar<\/a>.<br><br>Wer allerdings doch nicht auf eine individuelle Fortbewegung verzichten m\u00f6chte, kann sich auch ein Auto leihen. Seid gewarnt, Parkpl\u00e4tze sind Mangelware und im Halteverbot zu stehen ist nicht nur t\u00f6richt sondern auch teuer. Wir raten zu diesem <a href=\"https:\/\/mack-concord.hr\/?utm_source=Google&amp;utm_medium=GMB&amp;utm_campaign=Dubrovnik_Airport\">Autoverleih<\/a>, allerdings legen wir euch nahe, einen <a href=\"https:\/\/www.lovacrent.com\/index.php\">Roller oder Motorrad<\/a> zu mieten. Zweir\u00e4der sind in Dubrovnik Rudeltiere und ihr k\u00f6nnt es getrost bei anderen einfach dazu stellen.<\/p>\n<\/div><\/div>\n\n\n\n<figure class=\"wp-block-gallery has-nested-images columns-default is-cropped wp-block-gallery-1 is-layout-flex wp-block-gallery-is-layout-flex\">\n<figure class=\"wp-block-image size-large\"><img loading=\"lazy\" decoding=\"async\" width=\"2000\" height=\"1200\" data-id=\"207\" src=\"https:\/\/juliane-mihael.de\/wp-content\/uploads\/2022\/03\/CIMG6797.jpg\" alt=\"\" class=\"wp-image-207\" srcset=\"https:\/\/juliane-mihael.de\/wp-content\/uploads\/2022\/03\/CIMG6797.jpg 2000w, https:\/\/juliane-mihael.de\/wp-content\/uploads\/2022\/03\/CIMG6797-300x180.jpg 300w, https:\/\/juliane-mihael.de\/wp-content\/uploads\/2022\/03\/CIMG6797-1024x614.jpg 1024w, https:\/\/juliane-mihael.de\/wp-content\/uploads\/2022\/03\/CIMG6797-768x461.jpg 768w, https:\/\/juliane-mihael.de\/wp-content\/uploads\/2022\/03\/CIMG6797-1536x922.jpg 1536w\" sizes=\"auto, (max-width: 767px) 89vw, (max-width: 1000px) 54vw, (max-width: 1071px) 543px, 580px\" \/><\/figure>\n\n\n\n<figure class=\"wp-block-image size-large\"><img loading=\"lazy\" decoding=\"async\" width=\"2160\" height=\"2160\" data-id=\"202\" src=\"https:\/\/juliane-mihael.de\/wp-content\/uploads\/2022\/03\/DSC_3083.jpg\" alt=\"\" class=\"wp-image-202\" srcset=\"https:\/\/juliane-mihael.de\/wp-content\/uploads\/2022\/03\/DSC_3083.jpg 2160w, https:\/\/juliane-mihael.de\/wp-content\/uploads\/2022\/03\/DSC_3083-300x300.jpg 300w, https:\/\/juliane-mihael.de\/wp-content\/uploads\/2022\/03\/DSC_3083-1024x1024.jpg 1024w, https:\/\/juliane-mihael.de\/wp-content\/uploads\/2022\/03\/DSC_3083-150x150.jpg 150w, https:\/\/juliane-mihael.de\/wp-content\/uploads\/2022\/03\/DSC_3083-768x768.jpg 768w, https:\/\/juliane-mihael.de\/wp-content\/uploads\/2022\/03\/DSC_3083-1536x1536.jpg 1536w, https:\/\/juliane-mihael.de\/wp-content\/uploads\/2022\/03\/DSC_3083-2048x2048.jpg 2048w, https:\/\/juliane-mihael.de\/wp-content\/uploads\/2022\/03\/DSC_3083-100x100.jpg 100w\" sizes=\"auto, (max-width: 767px) 89vw, (max-width: 1000px) 54vw, (max-width: 1071px) 543px, 580px\" \/><\/figure>\n\n\n\n<figure class=\"wp-block-image size-large\"><img loading=\"lazy\" decoding=\"async\" width=\"2560\" height=\"1536\" data-id=\"201\" src=\"https:\/\/juliane-mihael.de\/wp-content\/uploads\/2022\/03\/CIMG8778-scaled.jpg\" alt=\"\" class=\"wp-image-201\" srcset=\"https:\/\/juliane-mihael.de\/wp-content\/uploads\/2022\/03\/CIMG8778-scaled.jpg 2560w, https:\/\/juliane-mihael.de\/wp-content\/uploads\/2022\/03\/CIMG8778-300x180.jpg 300w, https:\/\/juliane-mihael.de\/wp-content\/uploads\/2022\/03\/CIMG8778-1024x614.jpg 1024w, https:\/\/juliane-mihael.de\/wp-content\/uploads\/2022\/03\/CIMG8778-768x461.jpg 768w, https:\/\/juliane-mihael.de\/wp-content\/uploads\/2022\/03\/CIMG8778-1536x922.jpg 1536w, https:\/\/juliane-mihael.de\/wp-content\/uploads\/2022\/03\/CIMG8778-2048x1229.jpg 2048w, https:\/\/juliane-mihael.de\/wp-content\/uploads\/2022\/03\/CIMG8778-2000x1200.jpg 2000w\" sizes=\"auto, (max-width: 767px) 89vw, (max-width: 1000px) 54vw, (max-width: 1071px) 543px, 580px\" \/><\/figure>\n\n\n\n<figure class=\"wp-block-image size-large\"><img loading=\"lazy\" decoding=\"async\" width=\"1836\" height=\"2000\" data-id=\"199\" src=\"https:\/\/juliane-mihael.de\/wp-content\/uploads\/2022\/03\/DSC_1438.jpg\" alt=\"\" class=\"wp-image-199\" srcset=\"https:\/\/juliane-mihael.de\/wp-content\/uploads\/2022\/03\/DSC_1438.jpg 1836w, https:\/\/juliane-mihael.de\/wp-content\/uploads\/2022\/03\/DSC_1438-275x300.jpg 275w, https:\/\/juliane-mihael.de\/wp-content\/uploads\/2022\/03\/DSC_1438-940x1024.jpg 940w, https:\/\/juliane-mihael.de\/wp-content\/uploads\/2022\/03\/DSC_1438-768x837.jpg 768w, https:\/\/juliane-mihael.de\/wp-content\/uploads\/2022\/03\/DSC_1438-1410x1536.jpg 1410w\" sizes=\"auto, (max-width: 767px) 89vw, (max-width: 1000px) 54vw, (max-width: 1071px) 543px, 580px\" \/><\/figure>\n\n\n\n<figure class=\"wp-block-image size-large\"><img loading=\"lazy\" decoding=\"async\" width=\"1728\" height=\"1382\" data-id=\"205\" src=\"https:\/\/juliane-mihael.de\/wp-content\/uploads\/2022\/03\/DSC_0728.jpg\" alt=\"\" class=\"wp-image-205\" srcset=\"https:\/\/juliane-mihael.de\/wp-content\/uploads\/2022\/03\/DSC_0728.jpg 1728w, https:\/\/juliane-mihael.de\/wp-content\/uploads\/2022\/03\/DSC_0728-300x240.jpg 300w, https:\/\/juliane-mihael.de\/wp-content\/uploads\/2022\/03\/DSC_0728-1024x819.jpg 1024w, https:\/\/juliane-mihael.de\/wp-content\/uploads\/2022\/03\/DSC_0728-768x614.jpg 768w, https:\/\/juliane-mihael.de\/wp-content\/uploads\/2022\/03\/DSC_0728-1536x1228.jpg 1536w\" sizes=\"auto, (max-width: 767px) 89vw, (max-width: 1000px) 54vw, (max-width: 1071px) 543px, 580px\" \/><\/figure>\n<\/figure>\n","protected":false},"excerpt":{"rendered":"<p>N\u00fctzliches rund um Cavtat&#8230; f\u00fcr denn Fall, dass ihr noch einmal wiederkommen wollt F\u00fcr alle, die sich w\u00e4hrend des Aufenthalts verw\u00f6hnen lassen wollen ist das Hotel Cavtat genau das Richtige.Hier geht&#8217;s zum Hotel. Wer jedoch gern f\u00fcr sich ist und vielleicht noch etwas l\u00e4nger bleiben m\u00f6chte dem empfehlen wir das familiengef\u00fchrte Apartment Dubrovnik Holiday in &hellip; <\/p>\n<p class=\"link-more\"><a href=\"https:\/\/juliane-mihael.de\/index.php\/ein-homepage-abschnitt\/\" class=\"more-link\"><span class=\"screen-reader-text\">\u201eLocation\u201c<\/span> weiterlesen<\/a><\/p>\n","protected":false},"author":2,"featured_media":86,"parent":0,"menu_order":0,"comment_status":"closed","ping_status":"closed","template":"","meta":{"footnotes":""},"class_list":["post-34","page","type-page","status-publish","has-post-thumbnail","hentry"],"_links":{"self":[{"href":"https:\/\/juliane-mihael.de\/index.php\/wp-json\/wp\/v2\/pages\/34","targetHints":{"allow":["GET"]}}],"collection":[{"href":"https:\/\/juliane-mihael.de\/index.php\/wp-json\/wp\/v2\/pages"}],"about":[{"href":"https:\/\/juliane-mihael.de\/index.php\/wp-json\/wp\/v2\/types\/page"}],"author":[{"embeddable":true,"href":"https:\/\/juliane-mihael.de\/index.php\/wp-json\/wp\/v2\/users\/2"}],"replies":[{"embeddable":true,"href":"https:\/\/juliane-mihael.de\/index.php\/wp-json\/wp\/v2\/comments?post=34"}],"version-history":[{"count":31,"href":"https:\/\/juliane-mihael.de\/index.php\/wp-json\/wp\/v2\/pages\/34\/revisions"}],"predecessor-version":[{"id":256,"href":"https:\/\/juliane-mihael.de\/index.php\/wp-json\/wp\/v2\/pages\/34\/revisions\/256"}],"wp:featuredmedia":[{"embeddable":true,"href":"https:\/\/juliane-mihael.de\/index.php\/wp-json\/wp\/v2\/media\/86"}],"wp:attachment":[{"href":"https:\/\/juliane-mihael.de\/index.php\/wp-json\/wp\/v2\/media?parent=34"}],"curies":[{"name":"wp","href":"https:\/\/api.w.org\/{rel}","templated":true}]}}